{"id":40,"date":"2019-08-12T17:22:57","date_gmt":"2019-08-12T17:22:57","guid":{"rendered":"http:\/\/wordpress.theaterensemble-gresten.at\/?page_id=40"},"modified":"2026-04-13T12:36:13","modified_gmt":"2026-04-13T10:36:13","slug":"was-dem-einen-recht-ist","status":"publish","type":"page","link":"https:\/\/www.theaterensemble-gresten.at\/","title":{"rendered":"Aktuelles St\u00fcck"},"content":{"rendered":"\t\t<div data-elementor-type=\"wp-post\" data-elementor-id=\"40\" class=\"elementor elementor-40\">\n\t\t\t\t\t\t\t\t\t<section class=\"elementor-section elementor-top-section elementor-element elementor-element-bdaae81 elementor-section-boxed elementor-section-height-default elementor-section-height-default\" data-id=\"bdaae81\" data-element_type=\"section\">\n\t\t\t\t\t\t<div class=\"elementor-container elementor-column-gap-default\">\n\t\t\t\t\t<div class=\"elementor-column elementor-col-100 elementor-top-column elementor-element elementor-element-16cfbf2\" data-id=\"16cfbf2\" data-element_type=\"column\">\n\t\t\t<div class=\"elementor-widget-wrap\">\n\t\t\t\t\t\t\t\t\t<\/div>\n\t\t<\/div>\n\t\t\t\t\t\t\t<\/div>\n\t\t<\/section>\n\t\t\t\t<section class=\"elementor-section elementor-top-section elementor-element elementor-element-d4f8e86 elementor-section-boxed elementor-section-height-default elementor-section-height-default\" data-id=\"d4f8e86\" data-element_type=\"section\">\n\t\t\t\t\t\t<div class=\"elementor-container elementor-column-gap-default\">\n\t\t\t\t\t<div class=\"elementor-column elementor-col-100 elementor-top-column elementor-element elementor-element-6e9442c\" data-id=\"6e9442c\" data-element_type=\"column\">\n\t\t\t<div class=\"elementor-widget-wrap elementor-element-populated\">\n\t\t\t\t\t\t\t\t<div class=\"elementor-element elementor-element-bde460a elementor-widget elementor-widget-text-editor\" data-id=\"bde460a\" data-element_type=\"widget\" data-widget_type=\"text-editor.default\">\n\t\t\t\t<div class=\"elementor-widget-container\">\n\t\t\t\t\t\t\t<p><span class=\"cf0\">Liebe Theaterfreunde!<\/span><\/p><p><span class=\"cf0\">Nach vielen sch\u00f6nen und intensiven Theatermomenten g\u00f6nnt sich unser Ensemble 2025 eine kleine B\u00fchnenpause. Diese Zeit m\u00f6chten wir nutzen, um neue Ideen zu sammeln, kreative Energie zu tanken und uns auf kommende Projekte vorzubereiten.<\/span><\/p><p>Wir sind aber schon in der Vorbereitung f\u00fcr den Theaterherbst 2026 und halten euch nat\u00fcrlich auf dem Laufenden.\u00a0<\/p><p>F\u00fcr aktuelle News unf Infos schaut gerne bei unserem Facebook-Account vorbei:<\/p><p><a href=\"https:\/\/www.facebook.com\/theatergresten\/\" target=\"_blank\" rel=\"noopener\">Facebook &#8211; Theaterensemble Gresten<\/a><\/p><p>\u00a0<\/p><p><span class=\"cf2\">Danke f<\/span><span class=\"cf0\">\u00fcr eure Treue und Begeisterung <\/span><span class=\"cf2\">\u2013 ihr seid das Publikum, das unsere B<\/span><span class=\"cf0\">\u00fchne immer wieder zum Leuchten bringt. Wir freuen uns darauf, euch im November 2026 bei unserem n\u00e4chsten St\u00fcck &#8211; einem wahren Kom\u00f6dienklassiker &#8211; begr\u00fc\u00dfen zu d\u00fcrfen.<\/span><\/p><p>&#8211; Obfrau Bibina Auer<\/p>\t\t\t\t\t\t<\/div>\n\t\t\t\t<\/div>\n\t\t\t\t\t<\/div>\n\t\t<\/div>\n\t\t\t\t\t\t\t<\/div>\n\t\t<\/section>\n\t\t\t\t<section class=\"elementor-section elementor-top-section elementor-element elementor-element-de7216f elementor-section-boxed elementor-section-height-default elementor-section-height-default\" data-id=\"de7216f\" data-element_type=\"section\">\n\t\t\t\t\t\t<div class=\"elementor-container elementor-column-gap-default\">\n\t\t\t\t\t<div class=\"elementor-column elementor-col-100 elementor-top-column elementor-element elementor-element-0fa8cbf\" data-id=\"0fa8cbf\" data-element_type=\"column\">\n\t\t\t<div class=\"elementor-widget-wrap\">\n\t\t\t\t\t\t\t\t\t<\/div>\n\t\t<\/div>\n\t\t\t\t\t\t\t<\/div>\n\t\t<\/section>\n\t\t\t\t\t\t\t<\/div>\n\t\t","protected":false},"excerpt":{"rendered":"<p>Liebe Theaterfreunde! Nach vielen sch\u00f6nen und intensiven Theatermomenten g\u00f6nnt sich unser Ensemble 2025 eine kleine B\u00fchnenpause. Diese Zeit m\u00f6chten wir nutzen, um neue Ideen zu sammeln, kreative Energie zu tanken und uns auf kommende Projekte vorzubereiten. Wir sind aber schon in der Vorbereitung f\u00fcr den Theaterherbst 2026 und halten euch nat\u00fcrlich auf dem Laufenden.\u00a0 F\u00fcr &hellip;<\/p>\n<p class=\"read-more\"> <a class=\"\" href=\"https:\/\/www.theaterensemble-gresten.at\/\"> <span class=\"screen-reader-text\">Aktuelles St\u00fcck<\/span> Weiterlesen &raquo;<\/a><\/p>\n","protected":false},"author":1,"featured_media":0,"parent":0,"menu_order":0,"comment_status":"closed","ping_status":"closed","template":"","meta":{"site-sidebar-layout":"no-sidebar","site-content-layout":"page-builder","ast-site-content-layout":"full-width-container","site-content-style":"unboxed","site-sidebar-style":"unboxed","ast-global-header-display":"","ast-banner-title-visibility":"","ast-main-header-display":"","ast-hfb-above-header-display":"","ast-hfb-below-header-display":"","ast-hfb-mobile-header-display":"","site-post-title":"disabled","ast-breadcrumbs-content":"","ast-featured-img":"disabled","footer-sml-layout":"","theme-transparent-header-meta":"default","adv-header-id-meta":"","stick-header-meta":"","header-above-stick-meta":"","header-main-stick-meta":"","header-below-stick-meta":"","astra-migrate-meta-layouts":"set","ast-page-background-enabled":"default","ast-page-background-meta":{"desktop":{"background-color":"","background-image":"","background-repeat":"repeat","background-position":"center center","background-size":"auto","background-attachment":"scroll","background-type":"","background-media":"","overlay-type":"","overlay-color":"","overlay-gradient":""},"tablet":{"background-color":"","background-image":"","background-repeat":"repeat","background-position":"center center","background-size":"auto","background-attachment":"scroll","background-type":"","background-media":"","overlay-type":"","overlay-color":"","overlay-gradient":""},"mobile":{"background-color":"","background-image":"","background-repeat":"repeat","background-position":"center center","background-size":"auto","background-attachment":"scroll","background-type":"","background-media":"","overlay-type":"","overlay-color":"","overlay-gradient":""}},"ast-content-background-meta":{"desktop":{"background-color":"var(--ast-global-color-5)","background-image":"","background-repeat":"repeat","background-position":"center center","background-size":"auto","background-attachment":"scroll","background-type":"","background-media":"","overlay-type":"","overlay-color":"","overlay-gradient":""},"tablet":{"background-color":"var(--ast-global-color-5)","background-image":"","background-repeat":"repeat","background-position":"center center","background-size":"auto","background-attachment":"scroll","background-type":"","background-media":"","overlay-type":"","overlay-color":"","overlay-gradient":""},"mobile":{"background-color":"var(--ast-global-color-5)","background-image":"","background-repeat":"repeat","background-position":"center center","background-size":"auto","background-attachment":"scroll","background-type":"","background-media":"","overlay-type":"","overlay-color":"","overlay-gradient":""}},"footnotes":""},"class_list":["post-40","page","type-page","status-publish","hentry"],"_links":{"self":[{"href":"https:\/\/www.theaterensemble-gresten.at\/index.php?rest_route=\/wp\/v2\/pages\/40","targetHints":{"allow":["GET"]}}],"collection":[{"href":"https:\/\/www.theaterensemble-gresten.at\/index.php?rest_route=\/wp\/v2\/pages"}],"about":[{"href":"https:\/\/www.theaterensemble-gresten.at\/index.php?rest_route=\/wp\/v2\/types\/page"}],"author":[{"embeddable":true,"href":"https:\/\/www.theaterensemble-gresten.at\/index.php?rest_route=\/wp\/v2\/users\/1"}],"replies":[{"embeddable":true,"href":"https:\/\/www.theaterensemble-gresten.at\/index.php?rest_route=%2Fwp%2Fv2%2Fcomments&post=40"}],"version-history":[{"count":126,"href":"https:\/\/www.theaterensemble-gresten.at\/index.php?rest_route=\/wp\/v2\/pages\/40\/revisions"}],"predecessor-version":[{"id":1239,"href":"https:\/\/www.theaterensemble-gresten.at\/index.php?rest_route=\/wp\/v2\/pages\/40\/revisions\/1239"}],"wp:attachment":[{"href":"https:\/\/www.theaterensemble-gresten.at\/index.php?rest_route=%2Fwp%2Fv2%2Fmedia&parent=40"}],"curies":[{"name":"wp","href":"https:\/\/api.w.org\/{rel}","templated":true}]}}