{"id":29,"date":"2019-08-12T17:17:46","date_gmt":"2019-08-12T17:17:46","guid":{"rendered":"http:\/\/wordpress.theaterensemble-gresten.at\/?page_id=29"},"modified":"2026-01-26T20:30:35","modified_gmt":"2026-01-26T19:30:35","slug":"impressum","status":"publish","type":"page","link":"https:\/\/www.theaterensemble-gresten.at\/?page_id=29","title":{"rendered":"Impressum"},"content":{"rendered":"\t\t<div data-elementor-type=\"wp-post\" data-elementor-id=\"29\" class=\"elementor elementor-29\">\n\t\t\t\t\t\t\t\t\t<section class=\"elementor-section elementor-top-section elementor-element elementor-element-cad49c0 elementor-section-boxed elementor-section-height-default elementor-section-height-default\" data-id=\"cad49c0\" data-element_type=\"section\">\n\t\t\t\t\t\t<div class=\"elementor-container elementor-column-gap-default\">\n\t\t\t\t\t<div class=\"elementor-column elementor-col-100 elementor-top-column elementor-element elementor-element-2978e5d\" data-id=\"2978e5d\" data-element_type=\"column\">\n\t\t\t<div class=\"elementor-widget-wrap elementor-element-populated\">\n\t\t\t\t\t\t\t\t<div class=\"elementor-element elementor-element-b1581dc elementor-widget elementor-widget-text-editor\" data-id=\"b1581dc\" data-element_type=\"widget\" data-widget_type=\"text-editor.default\">\n\t\t\t\t<div class=\"elementor-widget-container\">\n\t\t\t\t\t\t\t<p><em>(Offenlegung gem\u00e4\u00df \u00a725 Mediengesetz)<\/em><\/p>\t\t\t\t\t\t<\/div>\n\t\t\t\t<\/div>\n\t\t\t\t\t<\/div>\n\t\t<\/div>\n\t\t\t\t\t\t\t<\/div>\n\t\t<\/section>\n\t\t\t\t<section class=\"elementor-section elementor-top-section elementor-element elementor-element-dff6f61 elementor-section-boxed elementor-section-height-default elementor-section-height-default\" data-id=\"dff6f61\" data-element_type=\"section\">\n\t\t\t\t\t\t<div class=\"elementor-container elementor-column-gap-default\">\n\t\t\t\t\t<div class=\"elementor-column elementor-col-100 elementor-top-column elementor-element elementor-element-1329db1\" data-id=\"1329db1\" data-element_type=\"column\">\n\t\t\t<div class=\"elementor-widget-wrap elementor-element-populated\">\n\t\t\t\t\t\t\t\t<section class=\"elementor-section elementor-inner-section elementor-element elementor-element-4de6582 elementor-section-boxed elementor-section-height-default elementor-section-height-default\" data-id=\"4de6582\" data-element_type=\"section\">\n\t\t\t\t\t\t<div class=\"elementor-container elementor-column-gap-default\">\n\t\t\t\t\t<div class=\"elementor-column elementor-col-50 elementor-inner-column elementor-element elementor-element-dc4f1f4\" data-id=\"dc4f1f4\" data-element_type=\"column\">\n\t\t\t<div class=\"elementor-widget-wrap elementor-element-populated\">\n\t\t\t\t\t\t\t\t<div class=\"elementor-element elementor-element-f11c45e elementor-widget elementor-widget-text-editor\" data-id=\"f11c45e\" data-element_type=\"widget\" data-widget_type=\"text-editor.default\">\n\t\t\t\t<div class=\"elementor-widget-container\">\n\t\t\t\t\t\t\t<p><strong>Medieninhaber:<\/strong><\/p>\n<p><span style=\"text-decoration: underline;\"><strong>Herausgeber:<\/strong><\/span><\/p>\n<p><span style=\"text-decoration: underline;\"><strong>E-Mail-Adresse:<\/strong><\/span><\/p>\n<p><span style=\"text-decoration: underline;\"><strong>Handynummer:<\/strong><\/span><\/p>\n<p><span style=\"text-decoration: underline;\"><strong>System:<\/strong><\/span><\/p>\n<p><span style=\"text-decoration: underline;\"><strong>Redaktion:<\/strong><\/span><\/p>\n<p><span style=\"text-decoration: underline;\"><strong>Ausrichtung:<\/strong><\/span><\/p>\n<p><br><\/p>\n<p><span style=\"text-decoration: underline;\"><strong>Haftung:<\/strong><\/span><\/p>\n<p><br><\/p>\n<p><br><\/p>\n<p><span style=\"text-decoration: underline;\"><strong>Externe L<\/strong><strong style=\"font-size: 22px;\">inks:<\/strong><\/span><\/p>\t\t\t\t\t\t<\/div>\n\t\t\t\t<\/div>\n\t\t\t\t\t<\/div>\n\t\t<\/div>\n\t\t\t\t<div class=\"elementor-column elementor-col-50 elementor-inner-column elementor-element elementor-element-048bfa2\" data-id=\"048bfa2\" data-element_type=\"column\">\n\t\t\t<div class=\"elementor-widget-wrap elementor-element-populated\">\n\t\t\t\t\t\t\t\t<div class=\"elementor-element elementor-element-4614e6a elementor-widget__width-initial elementor-widget elementor-widget-text-editor\" data-id=\"4614e6a\" data-element_type=\"widget\" data-widget_type=\"text-editor.default\">\n\t\t\t\t<div class=\"elementor-widget-container\">\n\t\t\t\t\t\t\t<p>Theaterensemble Gresten\u00a0 |\u00a0 Franz Alt Stra\u00dfe 18\/4, 3264 Gresten<\/p><p>Obfrau Bibiana Auer<\/p><p>bibianaauer78@gmail.com<\/p><p>0660 \/ 34 63 330<\/p><p>WordPress<\/p><p>Isabella Bratfisch<\/p><p>Darstellung des Theaterensembles, Informationen und Berichte \u00fcber\u00a0<span style=\"font-size: 22px;\">das Vereinsgeschehen<\/span><\/p><p>Wir bem\u00fchen uns, alle ver\u00f6ffentlichten Inhalte so gr\u00fcndlich wie m\u00f6glich zu recherchieren und sie topaktuell zu halten. Dennoch kann das Theaterensemble-Gresten keine Gew\u00e4hr f\u00fcr die vollst\u00e4ndige Richtigkeit \u00fcbernehmen. Eine Haftung f\u00fcr Sch\u00e4den, die sich aus der Verwendung der abgerufenen Informationen und Dienste ergeben, ist ausgeschlossen.<\/p><p><span style=\"font-size: 22px;\">Im Sinne der BenutzerInnenfreundlichkeit setzen wir Links auf fremde Seiten, die wir vorher auf Seriosit\u00e4t pr\u00fcfen. Sie dienen lediglich Informationszwecken, und wir machen uns diese Inhalte nicht zu eigen. F\u00fcr fehlerhafte, illegale oder unvollst\u00e4ndige Inhalte, vor allem f\u00fcr Sch\u00e4den durch deren Nutzung, haftet ausschlie\u00dflich der Anbieter dieser Seite und nicht das Theaterensemble Gresten. Sollte eine verlinkte Website bedenkliche Inhalte aufweisen oder Ihre pers\u00f6nlichen Rechte verletzen, bitten wir Sie um Mitteilung \u2013 wir werden nach Pr\u00fcfung der Beschwerde die entsprechenden Ma\u00dfnahmen zur L\u00f6schung des Links ergreifen.<\/span><\/p><p>\u00a0<\/p>\t\t\t\t\t\t<\/div>\n\t\t\t\t<\/div>\n\t\t\t\t\t<\/div>\n\t\t<\/div>\n\t\t\t\t\t\t\t<\/div>\n\t\t<\/section>\n\t\t\t\t\t<\/div>\n\t\t<\/div>\n\t\t\t\t\t\t\t<\/div>\n\t\t<\/section>\n\t\t\t\t\t\t\t<\/div>\n\t\t","protected":false},"excerpt":{"rendered":"<p>(Offenlegung gem\u00e4\u00df \u00a725 Mediengesetz) Medieninhaber: Herausgeber: E-Mail-Adresse: Handynummer: System: Redaktion: Ausrichtung: Haftung: Externe Links: Theaterensemble Gresten\u00a0 |\u00a0 Franz Alt Stra\u00dfe 18\/4, 3264 Gresten Obfrau Bibiana Auer bibianaauer78@gmail.com 0660 \/ 34 63 330 WordPress Isabella Bratfisch Darstellung des Theaterensembles, Informationen und Berichte \u00fcber\u00a0das Vereinsgeschehen Wir bem\u00fchen uns, alle ver\u00f6ffentlichten Inhalte so gr\u00fcndlich wie m\u00f6glich zu recherchieren &hellip;<\/p>\n<p class=\"read-more\"> <a class=\"\" href=\"https:\/\/www.theaterensemble-gresten.at\/?page_id=29\"> <span class=\"screen-reader-text\">Impressum<\/span> Weiterlesen &raquo;<\/a><\/p>\n","protected":false},"author":1,"featured_media":0,"parent":0,"menu_order":0,"comment_status":"closed","ping_status":"closed","template":"","meta":{"site-sidebar-layout":"no-sidebar","site-content-layout":"page-builder","ast-site-content-layout":"full-width-container","site-content-style":"unboxed","site-sidebar-style":"unboxed","ast-global-header-display":"","ast-banner-title-visibility":"","ast-main-header-display":"","ast-hfb-above-header-display":"","ast-hfb-below-header-display":"","ast-hfb-mobile-header-display":"","site-post-title":"disabled","ast-breadcrumbs-content":"","ast-featured-img":"disabled","footer-sml-layout":"","theme-transparent-header-meta":"default","adv-header-id-meta":"","stick-header-meta":"","header-above-stick-meta":"","header-main-stick-meta":"","header-below-stick-meta":"","astra-migrate-meta-layouts":"set","ast-page-background-enabled":"default","ast-page-background-meta":{"desktop":{"background-color":"","background-image":"","background-repeat":"repeat","background-position":"center center","background-size":"auto","background-attachment":"scroll","background-type":"","background-media":"","overlay-type":"","overlay-color":"","overlay-gradient":""},"tablet":{"background-color":"","background-image":"","background-repeat":"repeat","background-position":"center center","background-size":"auto","background-attachment":"scroll","background-type":"","background-media":"","overlay-type":"","overlay-color":"","overlay-gradient":""},"mobile":{"background-color":"","background-image":"","background-repeat":"repeat","background-position":"center center","background-size":"auto","background-attachment":"scroll","background-type":"","background-media":"","overlay-type":"","overlay-color":"","overlay-gradient":""}},"ast-content-background-meta":{"desktop":{"background-color":"var(--ast-global-color-5)","background-image":"","background-repeat":"repeat","background-position":"center center","background-size":"auto","background-attachment":"scroll","background-type":"","background-media":"","overlay-type":"","overlay-color":"","overlay-gradient":""},"tablet":{"background-color":"var(--ast-global-color-5)","background-image":"","background-repeat":"repeat","background-position":"center center","background-size":"auto","background-attachment":"scroll","background-type":"","background-media":"","overlay-type":"","overlay-color":"","overlay-gradient":""},"mobile":{"background-color":"var(--ast-global-color-5)","background-image":"","background-repeat":"repeat","background-position":"center center","background-size":"auto","background-attachment":"scroll","background-type":"","background-media":"","overlay-type":"","overlay-color":"","overlay-gradient":""}},"footnotes":""},"class_list":["post-29","page","type-page","status-publish","hentry"],"_links":{"self":[{"href":"https:\/\/www.theaterensemble-gresten.at\/index.php?rest_route=\/wp\/v2\/pages\/29","targetHints":{"allow":["GET"]}}],"collection":[{"href":"https:\/\/www.theaterensemble-gresten.at\/index.php?rest_route=\/wp\/v2\/pages"}],"about":[{"href":"https:\/\/www.theaterensemble-gresten.at\/index.php?rest_route=\/wp\/v2\/types\/page"}],"author":[{"embeddable":true,"href":"https:\/\/www.theaterensemble-gresten.at\/index.php?rest_route=\/wp\/v2\/users\/1"}],"replies":[{"embeddable":true,"href":"https:\/\/www.theaterensemble-gresten.at\/index.php?rest_route=%2Fwp%2Fv2%2Fcomments&post=29"}],"version-history":[{"count":30,"href":"https:\/\/www.theaterensemble-gresten.at\/index.php?rest_route=\/wp\/v2\/pages\/29\/revisions"}],"predecessor-version":[{"id":1225,"href":"https:\/\/www.theaterensemble-gresten.at\/index.php?rest_route=\/wp\/v2\/pages\/29\/revisions\/1225"}],"wp:attachment":[{"href":"https:\/\/www.theaterensemble-gresten.at\/index.php?rest_route=%2Fwp%2Fv2%2Fmedia&parent=29"}],"curies":[{"name":"wp","href":"https:\/\/api.w.org\/{rel}","templated":true}]}}